{"id":161,"date":"2021-02-04T12:00:27","date_gmt":"2021-02-04T12:00:27","guid":{"rendered":"http:\/\/inwood.hpl-designs.de.w01c1fa2.kasserver.com\/?page_id=161"},"modified":"2021-11-02T12:15:35","modified_gmt":"2021-11-02T12:15:35","slug":"impressum","status":"publish","type":"page","link":"https:\/\/inwood.hpl-designs.de\/index.php\/impressum\/","title":{"rendered":"Impressum"},"content":{"rendered":"\t\t<div data-elementor-type=\"wp-page\" data-elementor-id=\"161\" class=\"elementor elementor-161\">\n\t\t\t\t\t\t\t\t\t<section class=\"elementor-section elementor-top-section elementor-element elementor-element-5dee80d elementor-section-boxed elementor-section-height-default elementor-section-height-default\" data-id=\"5dee80d\" data-element_type=\"section\">\n\t\t\t\t\t\t<div class=\"elementor-container elementor-column-gap-default\">\n\t\t\t\t\t<div class=\"elementor-column elementor-col-100 elementor-top-column elementor-element elementor-element-02fcfd5\" data-id=\"02fcfd5\" data-element_type=\"column\">\n\t\t\t<div class=\"elementor-widget-wrap elementor-element-populated\">\n\t\t\t\t\t\t\t\t<div class=\"elementor-element elementor-element-7faa32b elementor-widget elementor-widget-text-editor\" data-id=\"7faa32b\" data-element_type=\"widget\" data-widget_type=\"text-editor.default\">\n\t\t\t\t<div class=\"elementor-widget-container\">\n\t\t\t\t\t\t\t<h1>Impressum<\/h1>\n<h2>Angaben gem\u00e4\u00df \u00a7 5 TMG<\/h2>\n<p><span style=\"font-family: inherit;\">Inwood GmbH<\/span><\/p>\n<p><span style=\"color: var( --e-global-color-secondary ); font-family: inherit; font-size: 2rem;\">Kontakt<\/span><\/p><p>E-Mail: info@inwood.hpl-designs.de.w01c1fa2.kasserver.com<\/p>\n<h2>EU-Streitschlichtung<\/h2>\n<p>Die Europ\u00e4ische Kommission stellt eine Plattform zur Online-Streitbeilegung (OS) bereit: <a href=\"https:\/\/ec.europa.eu\/consumers\/odr\" target=\"_blank\" rel=\"noopener noreferrer\">https:\/\/ec.europa.eu\/consumers\/odr<\/a>.<br>Unsere E-Mail-Adresse finden Sie oben im Impressum.<\/p>\n<h2>Verbraucher\u00adstreit\u00adbeilegung\/Universal\u00adschlichtungs\u00adstelle<\/h2>\n<p>Wir sind nicht bereit oder verpflichtet, an Streitbeilegungsverfahren vor einer Verbraucherschlichtungsstelle teilzunehmen.<\/p>\n<h3>Haftung f\u00fcr Inhalte<\/h3>\n<p>Als Diensteanbieter sind wir gem\u00e4\u00df \u00a7 7 Abs.1 TMG f\u00fcr eigene Inhalte auf diesen Seiten nach den allgemeinen Gesetzen verantwortlich. Nach \u00a7\u00a7 8 bis 10 TMG sind wir als Diensteanbieter jedoch nicht verpflichtet, \u00fcbermittelte oder gespeicherte fremde Informationen zu \u00fcberwachen oder nach Umst\u00e4nden zu forschen, die auf eine rechtswidrige T\u00e4tigkeit hinweisen.<\/p>\n<p>Verpflichtungen zur Entfernung oder Sperrung der Nutzung von Informationen nach den allgemeinen Gesetzen bleiben hiervon unber\u00fchrt. Eine diesbez\u00fcgliche Haftung ist jedoch erst ab dem Zeitpunkt der Kenntnis einer konkreten Rechtsverletzung m\u00f6glich. Bei Bekanntwerden von entsprechenden Rechtsverletzungen werden wir diese Inhalte umgehend entfernen.<\/p>\n<h3>Haftung f\u00fcr Links<\/h3>\n<p>Unser Angebot enth\u00e4lt Links zu externen Websites Dritter, auf deren Inhalte wir keinen Einfluss haben. Deshalb k\u00f6nnen wir f\u00fcr diese fremden Inhalte auch keine Gew\u00e4hr \u00fcbernehmen. F\u00fcr die Inhalte der verlinkten Seiten ist stets der jeweilige Anbieter oder Betreiber der Seiten verantwortlich. Die verlinkten Seiten wurden zum Zeitpunkt der Verlinkung auf m\u00f6gliche Rechtsverst\u00f6\u00dfe \u00fcberpr\u00fcft. Rechtswidrige Inhalte waren zum Zeitpunkt der Verlinkung nicht erkennbar.<\/p>\n<p>Eine permanente inhaltliche Kontrolle der verlinkten Seiten ist jedoch ohne konkrete Anhaltspunkte einer Rechtsverletzung nicht zumutbar. Bei Bekanntwerden von Rechtsverletzungen werden wir derartige Links umgehend entfernen.<\/p>\n<h3>Urheberrecht<\/h3>\n<p>Die durch die Seitenbetreiber erstellten Inhalte und Werke auf diesen Seiten unterliegen dem deutschen Urheberrecht. Die Vervielf\u00e4ltigung, Bearbeitung, Verbreitung und jede Art der Verwertung au\u00dferhalb der Grenzen des Urheberrechtes bed\u00fcrfen der schriftlichen Zustimmung des jeweiligen Autors bzw. Erstellers. Downloads und Kopien dieser Seite sind nur f\u00fcr den privaten, nicht kommerziellen Gebrauch gestattet.<\/p>\n<p>Soweit die Inhalte auf dieser Seite nicht vom Betreiber erstellt wurden, werden die Urheberrechte Dritter beachtet. Insbesondere werden Inhalte Dritter als solche gekennzeichnet. Sollten Sie trotzdem auf eine Urheberrechtsverletzung aufmerksam werden, bitten wir um einen entsprechenden Hinweis. Bei Bekanntwerden von Rechtsverletzungen werden wir derartige Inhalte umgehend entfernen.<\/p>\t\t\t\t\t\t<\/div>\n\t\t\t\t<\/div>\n\t\t\t\t<div class=\"elementor-element elementor-element-2620197 elementor-widget elementor-widget-shortcode\" data-id=\"2620197\" data-element_type=\"widget\" data-widget_type=\"shortcode.default\">\n\t\t\t\t<div class=\"elementor-widget-container\">\n\t\t\t\t\t<div class=\"elementor-shortcode\">\n<h2>Design und technische Umsetzung<\/h2>\n<p>\n\tLeadpeak\u00ae \u2013 eine Marke der Homepage Lieferanten GmbH<br>\n\tvertretungsberechtigte Gesch\u00e4ftsf\u00fchrer:<br>\n\tReemt Windmann, Norma Jeising<br>\n\tMagdalene Schoch Stra\u00dfe 5<br>\n\t97074 W\u00fcrzburg<br>\n\tTelefonnummer 0931 80 99 88 99<br>\n\tEmail: <a href=\"mailto:info@leadpeak.me\">info@leadpeak.me<\/a><br>\n\t<a href=\"https:\/\/leadpeak.me\" target=\"_blank\">www.leadpeak.me<\/a><br>\n<\/p>\n\n<\/div>\n\t\t\t\t<\/div>\n\t\t\t\t<\/div>\n\t\t\t\t\t<\/div>\n\t\t<\/div>\n\t\t\t\t\t\t\t<\/div>\n\t\t<\/section>\n\t\t\t\t\t\t\t<\/div>\n\t\t","protected":false},"excerpt":{"rendered":"<p>Impressum Angaben gem\u00e4\u00df \u00a7 5 TMG Inwood GmbH Kontakt E-Mail: info@inwood.hpl-designs.de.w01c1fa2.kasserver.com EU-Streitschlichtung Die Europ\u00e4ische Kommission stellt eine Plattform zur Online-Streitbeilegung (OS) bereit: https:\/\/ec.europa.eu\/consumers\/odr.Unsere E-Mail-Adresse finden Sie oben im Impressum. Verbraucher\u00adstreit\u00adbeilegung\/Universal\u00adschlichtungs\u00adstelle Wir sind nicht bereit oder verpflichtet, an Streitbeilegungsverfahren vor einer Verbraucherschlichtungsstelle teilzunehmen. Haftung f\u00fcr Inhalte Als Diensteanbieter sind wir gem\u00e4\u00df \u00a7 7 Abs.1 TMG f\u00fcr [&hellip;]<\/p>\n","protected":false},"author":1,"featured_media":0,"parent":0,"menu_order":0,"comment_status":"closed","ping_status":"closed","template":"","meta":{"footnotes":""},"class_list":["post-161","page","type-page","status-publish","hentry"],"yoast_head":"<!-- This site is optimized with the Yoast SEO plugin v21.0 - https:\/\/yoast.com\/wordpress\/plugins\/seo\/ -->\n<title>Impressum - Inwood<\/title>\n<meta name=\"robots\" content=\"noindex, follow\" \/>\n<meta property=\"og:locale\" content=\"de_DE\" \/>\n<meta property=\"og:type\" content=\"article\" \/>\n<meta property=\"og:title\" content=\"Impressum - Inwood\" \/>\n<meta property=\"og:description\" content=\"Impressum Angaben gem\u00e4\u00df \u00a7 5 TMG Inwood GmbH Kontakt E-Mail: info@inwood.hpl-designs.de.w01c1fa2.kasserver.com EU-Streitschlichtung Die Europ\u00e4ische Kommission stellt eine Plattform zur Online-Streitbeilegung (OS) bereit: https:\/\/ec.europa.eu\/consumers\/odr.Unsere E-Mail-Adresse finden Sie oben im Impressum. Verbraucher\u00adstreit\u00adbeilegung\/Universal\u00adschlichtungs\u00adstelle Wir sind nicht bereit oder verpflichtet, an Streitbeilegungsverfahren vor einer Verbraucherschlichtungsstelle teilzunehmen. Haftung f\u00fcr Inhalte Als Diensteanbieter sind wir gem\u00e4\u00df \u00a7 7 Abs.1 TMG f\u00fcr [&hellip;]\" \/>\n<meta property=\"og:url\" content=\"https:\/\/inwood.hpl-designs.de\/index.php\/impressum\/\" \/>\n<meta property=\"og:site_name\" content=\"Inwood\" \/>\n<meta property=\"article:modified_time\" content=\"2021-11-02T12:15:35+00:00\" \/>\n<meta name=\"twitter:card\" content=\"summary_large_image\" \/>\n<meta name=\"twitter:label1\" content=\"Gesch\u00e4tzte Lesezeit\" \/>\n\t<meta name=\"twitter:data1\" content=\"2\u00a0Minuten\" \/>\n<script type=\"application\/ld+json\" class=\"yoast-schema-graph\">{\"@context\":\"https:\/\/schema.org\",\"@graph\":[{\"@type\":\"WebPage\",\"@id\":\"https:\/\/inwood.hpl-designs.de\/index.php\/impressum\/\",\"url\":\"https:\/\/inwood.hpl-designs.de\/index.php\/impressum\/\",\"name\":\"Impressum - Inwood\",\"isPartOf\":{\"@id\":\"https:\/\/inwood.hpl-designs.de\/#website\"},\"datePublished\":\"2021-02-04T12:00:27+00:00\",\"dateModified\":\"2021-11-02T12:15:35+00:00\",\"breadcrumb\":{\"@id\":\"https:\/\/inwood.hpl-designs.de\/index.php\/impressum\/#breadcrumb\"},\"inLanguage\":\"de\",\"potentialAction\":[{\"@type\":\"ReadAction\",\"target\":[\"https:\/\/inwood.hpl-designs.de\/index.php\/impressum\/\"]}]},{\"@type\":\"BreadcrumbList\",\"@id\":\"https:\/\/inwood.hpl-designs.de\/index.php\/impressum\/#breadcrumb\",\"itemListElement\":[{\"@type\":\"ListItem\",\"position\":1,\"name\":\"Startseite\",\"item\":\"https:\/\/inwood.hpl-designs.de\/\"},{\"@type\":\"ListItem\",\"position\":2,\"name\":\"Impressum\"}]},{\"@type\":\"WebSite\",\"@id\":\"https:\/\/inwood.hpl-designs.de\/#website\",\"url\":\"https:\/\/inwood.hpl-designs.de\/\",\"name\":\"Inwood\",\"description\":\"\",\"publisher\":{\"@id\":\"https:\/\/inwood.hpl-designs.de\/#organization\"},\"potentialAction\":[{\"@type\":\"SearchAction\",\"target\":{\"@type\":\"EntryPoint\",\"urlTemplate\":\"https:\/\/inwood.hpl-designs.de\/?s={search_term_string}\"},\"query-input\":\"required name=search_term_string\"}],\"inLanguage\":\"de\"},{\"@type\":\"Organization\",\"@id\":\"https:\/\/inwood.hpl-designs.de\/#organization\",\"name\":\"Inwood\",\"url\":\"https:\/\/inwood.hpl-designs.de\/\",\"logo\":{\"@type\":\"ImageObject\",\"inLanguage\":\"de\",\"@id\":\"https:\/\/inwood.hpl-designs.de\/#\/schema\/logo\/image\/\",\"url\":\"https:\/\/inwood.hpl-designs.de\/wp-content\/uploads\/2021\/11\/iStock-1125893421.png\",\"contentUrl\":\"https:\/\/inwood.hpl-designs.de\/wp-content\/uploads\/2021\/11\/iStock-1125893421.png\",\"width\":412,\"height\":418,\"caption\":\"Inwood\"},\"image\":{\"@id\":\"https:\/\/inwood.hpl-designs.de\/#\/schema\/logo\/image\/\"}}]}<\/script>\n<!-- \/ Yoast SEO plugin. -->","yoast_head_json":{"title":"Impressum - Inwood","robots":{"index":"noindex","follow":"follow"},"og_locale":"de_DE","og_type":"article","og_title":"Impressum - Inwood","og_description":"Impressum Angaben gem\u00e4\u00df \u00a7 5 TMG Inwood GmbH Kontakt E-Mail: info@inwood.hpl-designs.de.w01c1fa2.kasserver.com EU-Streitschlichtung Die Europ\u00e4ische Kommission stellt eine Plattform zur Online-Streitbeilegung (OS) bereit: https:\/\/ec.europa.eu\/consumers\/odr.Unsere E-Mail-Adresse finden Sie oben im Impressum. Verbraucher\u00adstreit\u00adbeilegung\/Universal\u00adschlichtungs\u00adstelle Wir sind nicht bereit oder verpflichtet, an Streitbeilegungsverfahren vor einer Verbraucherschlichtungsstelle teilzunehmen. Haftung f\u00fcr Inhalte Als Diensteanbieter sind wir gem\u00e4\u00df \u00a7 7 Abs.1 TMG f\u00fcr [&hellip;]","og_url":"https:\/\/inwood.hpl-designs.de\/index.php\/impressum\/","og_site_name":"Inwood","article_modified_time":"2021-11-02T12:15:35+00:00","twitter_card":"summary_large_image","twitter_misc":{"Gesch\u00e4tzte Lesezeit":"2\u00a0Minuten"},"schema":{"@context":"https:\/\/schema.org","@graph":[{"@type":"WebPage","@id":"https:\/\/inwood.hpl-designs.de\/index.php\/impressum\/","url":"https:\/\/inwood.hpl-designs.de\/index.php\/impressum\/","name":"Impressum - Inwood","isPartOf":{"@id":"https:\/\/inwood.hpl-designs.de\/#website"},"datePublished":"2021-02-04T12:00:27+00:00","dateModified":"2021-11-02T12:15:35+00:00","breadcrumb":{"@id":"https:\/\/inwood.hpl-designs.de\/index.php\/impressum\/#breadcrumb"},"inLanguage":"de","potentialAction":[{"@type":"ReadAction","target":["https:\/\/inwood.hpl-designs.de\/index.php\/impressum\/"]}]},{"@type":"BreadcrumbList","@id":"https:\/\/inwood.hpl-designs.de\/index.php\/impressum\/#breadcrumb","itemListElement":[{"@type":"ListItem","position":1,"name":"Startseite","item":"https:\/\/inwood.hpl-designs.de\/"},{"@type":"ListItem","position":2,"name":"Impressum"}]},{"@type":"WebSite","@id":"https:\/\/inwood.hpl-designs.de\/#website","url":"https:\/\/inwood.hpl-designs.de\/","name":"Inwood","description":"","publisher":{"@id":"https:\/\/inwood.hpl-designs.de\/#organization"},"potentialAction":[{"@type":"SearchAction","target":{"@type":"EntryPoint","urlTemplate":"https:\/\/inwood.hpl-designs.de\/?s={search_term_string}"},"query-input":"required name=search_term_string"}],"inLanguage":"de"},{"@type":"Organization","@id":"https:\/\/inwood.hpl-designs.de\/#organization","name":"Inwood","url":"https:\/\/inwood.hpl-designs.de\/","logo":{"@type":"ImageObject","inLanguage":"de","@id":"https:\/\/inwood.hpl-designs.de\/#\/schema\/logo\/image\/","url":"https:\/\/inwood.hpl-designs.de\/wp-content\/uploads\/2021\/11\/iStock-1125893421.png","contentUrl":"https:\/\/inwood.hpl-designs.de\/wp-content\/uploads\/2021\/11\/iStock-1125893421.png","width":412,"height":418,"caption":"Inwood"},"image":{"@id":"https:\/\/inwood.hpl-designs.de\/#\/schema\/logo\/image\/"}}]}},"_links":{"self":[{"href":"https:\/\/inwood.hpl-designs.de\/index.php\/wp-json\/wp\/v2\/pages\/161","targetHints":{"allow":["GET"]}}],"collection":[{"href":"https:\/\/inwood.hpl-designs.de\/index.php\/wp-json\/wp\/v2\/pages"}],"about":[{"href":"https:\/\/inwood.hpl-designs.de\/index.php\/wp-json\/wp\/v2\/types\/page"}],"author":[{"embeddable":true,"href":"https:\/\/inwood.hpl-designs.de\/index.php\/wp-json\/wp\/v2\/users\/1"}],"replies":[{"embeddable":true,"href":"https:\/\/inwood.hpl-designs.de\/index.php\/wp-json\/wp\/v2\/comments?post=161"}],"version-history":[{"count":10,"href":"https:\/\/inwood.hpl-designs.de\/index.php\/wp-json\/wp\/v2\/pages\/161\/revisions"}],"predecessor-version":[{"id":253,"href":"https:\/\/inwood.hpl-designs.de\/index.php\/wp-json\/wp\/v2\/pages\/161\/revisions\/253"}],"wp:attachment":[{"href":"https:\/\/inwood.hpl-designs.de\/index.php\/wp-json\/wp\/v2\/media?parent=161"}],"curies":[{"name":"wp","href":"https:\/\/api.w.org\/{rel}","templated":true}]}}